{"id":10,"date":"2016-09-26T16:16:44","date_gmt":"2016-09-26T16:16:44","guid":{"rendered":"http:\/\/www.esep.pt\/jconline\/?page_id=10"},"modified":"2016-09-26T16:16:44","modified_gmt":"2016-09-26T16:16:44","slug":"ficha-tecnica","status":"publish","type":"page","link":"https:\/\/jconline.ipportalegre.pt\/index.php\/ficha-tecnica\/","title":{"rendered":"Ficha t\u00e9cnica"},"content":{"rendered":"<p>Lu\u00eds Bonixe (Diretor)<\/p>\n<p>S\u00f3nia Lamy, Nuno Fernandes e Adriana Guimar\u00e3es (coordena\u00e7\u00e3o)<\/p>\n<p>Alunos do curso de JC (Reda\u00e7\u00e3o)<\/p>\n","protected":false},"excerpt":{"rendered":"<p>Lu\u00eds Bonixe (Diretor) S\u00f3nia Lamy, Nuno Fernandes e Adriana Guimar\u00e3es (coordena\u00e7\u00e3o) Alunos do curso de JC (Reda\u00e7\u00e3o)<\/p>\n","protected":false},"author":1,"featured_media":0,"parent":0,"menu_order":0,"comment_status":"closed","ping_status":"closed","template":"","meta":{"footnotes":""},"class_list":["post-10","page","type-page","status-publish","hentry"],"jetpack_shortlink":"https:\/\/wp.me\/P81ada-a","jetpack_sharing_enabled":true,"_links":{"self":[{"href":"https:\/\/jconline.ipportalegre.pt\/index.php\/wp-json\/wp\/v2\/pages\/10","targetHints":{"allow":["GET"]}}],"collection":[{"href":"https:\/\/jconline.ipportalegre.pt\/index.php\/wp-json\/wp\/v2\/pages"}],"about":[{"href":"https:\/\/jconline.ipportalegre.pt\/index.php\/wp-json\/wp\/v2\/types\/page"}],"author":[{"embeddable":true,"href":"https:\/\/jconline.ipportalegre.pt\/index.php\/wp-json\/wp\/v2\/users\/1"}],"replies":[{"embeddable":true,"href":"https:\/\/jconline.ipportalegre.pt\/index.php\/wp-json\/wp\/v2\/comments?post=10"}],"version-history":[{"count":1,"href":"https:\/\/jconline.ipportalegre.pt\/index.php\/wp-json\/wp\/v2\/pages\/10\/revisions"}],"predecessor-version":[{"id":11,"href":"https:\/\/jconline.ipportalegre.pt\/index.php\/wp-json\/wp\/v2\/pages\/10\/revisions\/11"}],"wp:attachment":[{"href":"https:\/\/jconline.ipportalegre.pt\/index.php\/wp-json\/wp\/v2\/media?parent=10"}],"curies":[{"name":"wp","href":"https:\/\/api.w.org\/{rel}","templated":true}]}}