{"id":12,"date":"2016-09-26T16:17:41","date_gmt":"2016-09-26T16:17:41","guid":{"rendered":"http:\/\/www.esep.pt\/jconline\/?page_id=12"},"modified":"2016-11-09T15:49:59","modified_gmt":"2016-11-09T15:49:59","slug":"politica-de-privacidade","status":"publish","type":"page","link":"https:\/\/jconline.ipportalegre.pt\/index.php\/politica-de-privacidade\/","title":{"rendered":"Pol\u00edtica de Privacidade"},"content":{"rendered":"<p>Protec\u00e7\u00e3o de Dados Pessoais<\/p>\n<p>Esta Declara\u00e7\u00e3o descreve as nossas pr\u00e1ticas na gest\u00e3o deste s\u00edtio (http:\/\/www.esep.pt\/jconline), respeitantes ao tratamento de dados pessoais dos utilizadores que o consultam.<\/p>\n<p>Neste s\u00edtio do \u201cJC.Online\u201d, n\u00e3o se recolhe qualquer informa\u00e7\u00e3o pessoal sem o seu conhecimento nem se cedem dados pessoais a terceiros. Quaisquer dados pessoais que nos forne\u00e7a ser\u00e3o tratados com as garantias de seguran\u00e7a e confidencialidade, exigidas pela Lei de Protec\u00e7\u00e3o de Dados \u2013 Lei 67\/98, de 26 de Outubro.<\/p>\n<p><strong>RESPONS\u00c1VEL PELO TRATAMENTO DE DADOS<\/strong><\/p>\n<p>No seguimento da consulta a este s\u00edtio, podem ser tratados dados pessoais. O respons\u00e1vel por esse tratamento \u00e9 a Escola Superior de Educa\u00e7\u00e3o e Ci\u00eancias Sociais (ESECS), sita na Pra\u00e7a da Rep\u00fablica, n\u00ba 23 e 25, 7300-109 Portalegre \u2013 Portugal.<\/p>\n<p><strong>TIPO DE DADOS PESSOAIS TRATADOS E SUA FINALIDADE<\/strong><\/p>\n<p><em>Dados de Navega\u00e7\u00e3o<\/em><\/p>\n<p>A infra-estrutura tecnol\u00f3gica necess\u00e1ria ao funcionamento deste s\u00edtio regista automaticamente alguns dados pessoais, cuja transmiss\u00e3o \u00e9 inerente \u00e0 utiliza\u00e7\u00e3o do protocolo de comunica\u00e7\u00e3o da Internet. Trata-se de informa\u00e7\u00e3o t\u00e9cnica relativa \u00e0s visitas e destina-se \u00e0 produ\u00e7\u00e3o de estat\u00edsticas sobre a navega\u00e7\u00e3o no s\u00edtio do \u201cJC.Online\u201d, sendo essa informa\u00e7\u00e3o conservada pela ESECS. Estes dados n\u00e3o ser\u00e3o associados a pessoas identificadas.<\/p>\n<p>Os dados tratados s\u00e3o o n\u00famero do endere\u00e7o IP (Internet Protocol) do visitante, o tipo de navegador de Internet (browser) e o sistema operativo utilizados, a data e a hora da consulta, as p\u00e1ginas visitadas no s\u00edtio e os documentos descarregados.<\/p>\n<p>O \u201cJC.Online\u201d utiliza ainda, como ferramenta anal\u00edtica dos dados de navega\u00e7\u00e3o, o Google Analytics, que produz relat\u00f3rios estat\u00edsticos sobre a utiliza\u00e7\u00e3o do s\u00edtio do \u201cJC.Online\u201d. Trata-se de dados agregados que indicam o n\u00famero de visitas, o n\u00famero de p\u00e1ginas vistas, o territ\u00f3rio de acesso, a dura\u00e7\u00e3o da visita, os documentos descarregados, o tipo de navegador de Internet usado (browser).<\/p>\n<p>Esta informa\u00e7\u00e3o n\u00e3o \u00e9 usada pela ESECS para rastrear ou coligir qualquer informa\u00e7\u00e3o pessoal identificada dos visitantes, incluindo atrav\u00e9s da liga\u00e7\u00e3o do endere\u00e7o de IP \u00e0 identidade do utilizador do computador.<\/p>\n<p><em>Dados fornecidos voluntariamente pelo utilizador<\/em><\/p>\n<p>S\u00e3o recolhidos dados pessoais no formul\u00e1rio de registo de Utilizadores, destinados \u00e0 gest\u00e3o do \u201cJC.Online\u201d, bem como ao seu acompanhamento, avalia\u00e7\u00e3o e caracteriza\u00e7\u00e3o estat\u00edstica.<\/p>\n<p>O fornecimento dos dados assinalados com um asterisco (*) \u00e9 obrigat\u00f3rio e indispens\u00e1vel \u00e0 efectiva\u00e7\u00e3o do registo, sem a qual n\u00e3o \u00e9 poss\u00edvel usufruir de certas funcionalidades do s\u00edtio.<\/p>\n<p>Os endere\u00e7os de correio electr\u00f3nico recolhidos s\u00e3o alvo de tratamento aut\u00f3nomo, desde que assinalada a devida op\u00e7\u00e3o pelos utilizadores, com o objectivo de integrar uma lista de difus\u00e3o para o envio de informa\u00e7\u00f5es relativas ao \u201cJC.Online\u201d.<\/p>\n<p>Os dados pessoais n\u00e3o ser\u00e3o comunicados a terceiros.<\/p>\n<p><strong>DIREITOS DOS TITULARES DOS DADOS<\/strong><\/p>\n<p>Nos termos do artigo 11\u00ba da Lei de Protec\u00e7\u00e3o de Dados, os titulares dos dados t\u00eam o direito de acesso, rectifica\u00e7\u00e3o e elimina\u00e7\u00e3o dos seus dados pessoais. T\u00eam ainda o direito de se opor, a qualquer momento, ao recebimento de informa\u00e7\u00f5es relativas ao \u201cJC.Online\u201d atrav\u00e9s do endere\u00e7o de correio electr\u00f3nico que indicar, mesmo que tenham manifestado, aquando do registo, a vontade de integrar a lista de difus\u00e3o.<\/p>\n<p>Para exercer estes direitos, o titular dos dados deve dirigir o seu pedido por escrito para o endere\u00e7o postal do \u201cJC.Online\u201d (acima indicado) ou atrav\u00e9s do endere\u00e7o electr\u00f3nico jc.esecs@gmail.com.<\/p>\n<p><strong>USO DE COOKIES<\/strong><\/p>\n<p>O s\u00edtio do \u201cJC.Online\u201d usa o Google Analytics para analisar o modo como os utilizadores usam este s\u00edtio. Esta ferramenta anal\u00edtica usa cookies persistentes, que s\u00e3o ficheiros de texto colocados no computador do utilizador para permitir reconhecer o visitante quando este voltar ao site.<\/p>\n<p>A informa\u00e7\u00e3o contida no cookie \u00e9 transmitida automaticamente ao Google Analytics para a contabiliza\u00e7\u00e3o da taxa de novos visitantes e da taxa de retorno, informa\u00e7\u00e3o essa que \u00e9 recebida na ESECS de forma agregada para efeitos estat\u00edsticos. A ESECS n\u00e3o trata esta informa\u00e7\u00e3o de modo individualizado.<\/p>\n<p>Tem a possibilidade de aceitar ou recusar os cookies, modificando as defini\u00e7\u00f5es do seu navegador de Internet (browser), assim como suprimi-los sem que tal tenha qualquer influ\u00eancia na sua navega\u00e7\u00e3o no s\u00edtio do \u201cJC.Online\u201d.<\/p>\n<p>Para saber como se pode opor \u00e0 introdu\u00e7\u00e3o de cookies ou ser prevenido antes de os aceitar, consulte aqui como configurar o seu computador.<\/p>\n<p><strong>LIGA\u00c7\u00d5ES PARA OUTROS S\u00cdTIOS<\/strong><\/p>\n<p>Esta pol\u00edtica de privacidade n\u00e3o abrange as liga\u00e7\u00f5es que existam neste s\u00edtio para outros s\u00edtios.<\/p>\n","protected":false},"excerpt":{"rendered":"<p>Protec\u00e7\u00e3o de Dados Pessoais Esta Declara\u00e7\u00e3o descreve as nossas pr\u00e1ticas na gest\u00e3o deste s\u00edtio (http:\/\/www.esep.pt\/jconline), respeitantes ao tratamento de dados pessoais dos utilizadores que o consultam. Neste s\u00edtio do \u201cJC.Online\u201d, n\u00e3o se recolhe qualquer informa\u00e7\u00e3o pessoal sem o seu conhecimento nem se cedem dados pessoais a terceiros. Quaisquer dados pessoais que nos forne\u00e7a ser\u00e3o tratados&#8230;<\/p>\n","protected":false},"author":1,"featured_media":0,"parent":0,"menu_order":0,"comment_status":"closed","ping_status":"closed","template":"","meta":{"footnotes":""},"class_list":["post-12","page","type-page","status-publish","hentry"],"jetpack_shortlink":"https:\/\/wp.me\/P81ada-c","jetpack_sharing_enabled":true,"_links":{"self":[{"href":"https:\/\/jconline.ipportalegre.pt\/index.php\/wp-json\/wp\/v2\/pages\/12","targetHints":{"allow":["GET"]}}],"collection":[{"href":"https:\/\/jconline.ipportalegre.pt\/index.php\/wp-json\/wp\/v2\/pages"}],"about":[{"href":"https:\/\/jconline.ipportalegre.pt\/index.php\/wp-json\/wp\/v2\/types\/page"}],"author":[{"embeddable":true,"href":"https:\/\/jconline.ipportalegre.pt\/index.php\/wp-json\/wp\/v2\/users\/1"}],"replies":[{"embeddable":true,"href":"https:\/\/jconline.ipportalegre.pt\/index.php\/wp-json\/wp\/v2\/comments?post=12"}],"version-history":[{"count":3,"href":"https:\/\/jconline.ipportalegre.pt\/index.php\/wp-json\/wp\/v2\/pages\/12\/revisions"}],"predecessor-version":[{"id":257,"href":"https:\/\/jconline.ipportalegre.pt\/index.php\/wp-json\/wp\/v2\/pages\/12\/revisions\/257"}],"wp:attachment":[{"href":"https:\/\/jconline.ipportalegre.pt\/index.php\/wp-json\/wp\/v2\/media?parent=12"}],"curies":[{"name":"wp","href":"https:\/\/api.w.org\/{rel}","templated":true}]}}