{"id":8,"date":"2016-09-26T16:15:18","date_gmt":"2016-09-26T16:15:18","guid":{"rendered":"http:\/\/www.esep.pt\/jconline\/?page_id=8"},"modified":"2016-10-28T12:24:55","modified_gmt":"2016-10-28T12:24:55","slug":"estatuto-editorial","status":"publish","type":"page","link":"https:\/\/jconline.ipportalegre.pt\/index.php\/estatuto-editorial\/","title":{"rendered":"Estatuto Editorial"},"content":{"rendered":"<ol>\n<li>O \u201cJC.Online\u201d \u00e9 um jornal online elaborado pelos alunos do curso de Jornalismo e Comunica\u00e7\u00e3o da Escola Superior de Educa\u00e7\u00e3o e Ci\u00eancias Sociais do Instituto Polit\u00e9cnico de Portalegre (ESECS-IPPortalegre).<\/li>\n<li>A atual designa\u00e7\u00e3o de \u201cJC.Online\u201d resulta da reformula\u00e7\u00e3o desta publica\u00e7\u00e3o (ocorrida em novembro de 2016) e d\u00e1 sequ\u00eancia ao mesmo projeto criado em maio de 2002 sob a designa\u00e7\u00e3o de ESEPJornal.<\/li>\n<li>O \u201cJC.Online\u201d incorpora a JC.R\u00e1dio e a JC.TV e est\u00e1 presente noutras plataformas m\u00f3veis e online, como as redes sociais.<\/li>\n<li>O \u201cJC.Online\u201d pretende ser um projeto de jornalismo laboratorial cuja reda\u00e7\u00e3o \u00e9 constitu\u00edda por alunos da Escola Superior de Educa\u00e7\u00e3o e Ci\u00eancias Sociais do Instituto Polit\u00e9cnico de Portalegre, preferencialmente estudantes de perfil de Jornalismo do curso. A reda\u00e7\u00e3o do JC.Online \u00e9 coordenada por professores de jornalismo da ESECS-IPPortalegre.<\/li>\n<li>O \u201cJC.Online\u201d tem como principal objetivo proporcionar aos alunos de jornalismo da ESECS-IPPortalegre um espa\u00e7o no qual possam colocar em pr\u00e1tica os conceitos te\u00f3ricos apreendidos no referido curso.<\/li>\n<li>A \u00e1rea de cobertura do \u201cJC.Online\u201d \u00e9 o distrito de Portalegre e todos os assuntos que com esta regi\u00e3o se relacionem.<\/li>\n<li>O tratamento noticioso no \u201cJC.Online\u201d ter\u00e1 sempre como princ\u00edpio o cumprimento das regras do jornalismo portugu\u00eas, distinguindo de forma clara os espa\u00e7os de opini\u00e3o.<\/li>\n<li>O \u201cJC.Online\u201d tudo far\u00e1 para tratar os temas com rigor jornal\u00edstico cumprindo as regras deontol\u00f3gicas que regem a atividade do jornalismo em Portugal, contribuindo assim para a forma\u00e7\u00e3o dos alunos de jornalismo.<\/li>\n<li>O \u201cJC.Online\u201d publicar\u00e1 todas as opini\u00f5es exteriores \u00e0 reda\u00e7\u00e3o, desde que cumpram os crit\u00e9rios de eleva\u00e7\u00e3o de debate e n\u00e3o contenham palavras ou express\u00f5es difamat\u00f3rias.<\/li>\n<\/ol>\n<p>&nbsp;<\/p>\n<p>Portalegre, 2 de novembro de 2016<\/p>\n","protected":false},"excerpt":{"rendered":"<p>O \u201cJC.Online\u201d \u00e9 um jornal online elaborado pelos alunos do curso de Jornalismo e Comunica\u00e7\u00e3o da Escola Superior de Educa\u00e7\u00e3o e Ci\u00eancias Sociais do Instituto Polit\u00e9cnico de Portalegre (ESECS-IPPortalegre). A atual designa\u00e7\u00e3o de \u201cJC.Online\u201d resulta da reformula\u00e7\u00e3o desta publica\u00e7\u00e3o (ocorrida em novembro de 2016) e d\u00e1 sequ\u00eancia ao mesmo projeto criado em maio de 2002&#8230;<\/p>\n","protected":false},"author":1,"featured_media":0,"parent":0,"menu_order":0,"comment_status":"closed","ping_status":"closed","template":"","meta":{"footnotes":""},"class_list":["post-8","page","type-page","status-publish","hentry"],"jetpack_shortlink":"https:\/\/wp.me\/P81ada-8","jetpack_sharing_enabled":true,"_links":{"self":[{"href":"https:\/\/jconline.ipportalegre.pt\/index.php\/wp-json\/wp\/v2\/pages\/8","targetHints":{"allow":["GET"]}}],"collection":[{"href":"https:\/\/jconline.ipportalegre.pt\/index.php\/wp-json\/wp\/v2\/pages"}],"about":[{"href":"https:\/\/jconline.ipportalegre.pt\/index.php\/wp-json\/wp\/v2\/types\/page"}],"author":[{"embeddable":true,"href":"https:\/\/jconline.ipportalegre.pt\/index.php\/wp-json\/wp\/v2\/users\/1"}],"replies":[{"embeddable":true,"href":"https:\/\/jconline.ipportalegre.pt\/index.php\/wp-json\/wp\/v2\/comments?post=8"}],"version-history":[{"count":4,"href":"https:\/\/jconline.ipportalegre.pt\/index.php\/wp-json\/wp\/v2\/pages\/8\/revisions"}],"predecessor-version":[{"id":177,"href":"https:\/\/jconline.ipportalegre.pt\/index.php\/wp-json\/wp\/v2\/pages\/8\/revisions\/177"}],"wp:attachment":[{"href":"https:\/\/jconline.ipportalegre.pt\/index.php\/wp-json\/wp\/v2\/media?parent=8"}],"curies":[{"name":"wp","href":"https:\/\/api.w.org\/{rel}","templated":true}]}}