{"id":409,"date":"2019-07-04T15:50:10","date_gmt":"2019-07-04T15:50:10","guid":{"rendered":"https:\/\/demo.themesarray.com\/ta-newspaper-demo-1\/?page_id=126"},"modified":"2020-07-29T12:35:38","modified_gmt":"2020-07-29T12:35:38","slug":"blog","status":"publish","type":"page","link":"https:\/\/jconline.ipportalegre.pt\/sos\/","title":{"rendered":"P\u00e1gina inicial"},"content":{"rendered":"\n<figure class=\"wp-block-image size-large\"><img loading=\"lazy\" decoding=\"async\" width=\"1024\" height=\"682\" src=\"http:\/\/projetos.esep.pt\/sos\/wp-content\/uploads\/2020\/07\/image0-1-1024x682.jpeg\" alt=\"\" class=\"wp-image-1701\" srcset=\"https:\/\/jconline.ipportalegre.pt\/sos\/wp-content\/uploads\/2020\/07\/image0-1-1024x682.jpeg 1024w, https:\/\/jconline.ipportalegre.pt\/sos\/wp-content\/uploads\/2020\/07\/image0-1-300x200.jpeg 300w, https:\/\/jconline.ipportalegre.pt\/sos\/wp-content\/uploads\/2020\/07\/image0-1-768x512.jpeg 768w, https:\/\/jconline.ipportalegre.pt\/sos\/wp-content\/uploads\/2020\/07\/image0-1-1536x1023.jpeg 1536w, https:\/\/jconline.ipportalegre.pt\/sos\/wp-content\/uploads\/2020\/07\/image0-1-2048x1364.jpeg 2048w, https:\/\/jconline.ipportalegre.pt\/sos\/wp-content\/uploads\/2020\/07\/image0-1-600x400.jpeg 600w, https:\/\/jconline.ipportalegre.pt\/sos\/wp-content\/uploads\/2020\/07\/image0-1-272x182.jpeg 272w\" sizes=\"auto, (max-width: 1024px) 100vw, 1024px\" \/><\/figure>\n\n\n\n<figure class=\"wp-block-pullquote is-style-default\"><blockquote class=\"has-text-color\" style=\"color:#003057\"><p>Frank Zhang, Belal Mohammed e Mustafa Abdulsattar est\u00e3o em Portugal. Embarcaram rumo ao desconhecido com a esperan\u00e7a de encontrar uma Europa que lhes desse a oportunidade para reconstru\u00edrem as suas vidas.<\/p><p>Estes homens s\u00e3o apenas tr\u00eas dos 79 milh\u00f5es de pessoas requerentes de asilo que foram obrigadas a deixar os seus pa\u00edses em busca da liberdade.<\/p><p>A partida \u00e9 dif\u00edcil, a chegada \u00e9 incerta e o caminho \u00e9 um limbo. Para que o sonho se torne realidade, s\u00e3o muitos os que deixam para tr\u00e1s a fam\u00edlia, o trabalho, os estudos e as carreiras profissionais, para conseguirem fugir \u00e0 pris\u00e3o, \u00e0 viol\u00eancia, persegui\u00e7\u00e3o e a uma guerra que consideram n\u00e3o ser deles.<\/p><p>Para que tudo isto se torne poss\u00edvel, muitos arriscam o pouco que lhes sobra para pagarem a redes ilegais, de forma a conseguirem entrar num barco sem seguran\u00e7a e atravessarem um mar imenso, onde prevalece a vontade de conseguirem reconquistar a liberdade que tanto desejam.<\/p><p>As ilhas gregas s\u00e3o o ponto de chegada para muitos dos requerentes de asilo que anseiam por uma nova oportunidade de vida. Entre os 27 pa\u00edses da Uni\u00e3o Europeia, Portugal \u00e9 um dos destinos escolhidos por aqueles que fugiram de um cen\u00e1rio de guerra.<\/p><p>O JConline foi conhecer na primeira pessoa, as est\u00f3rias dos que ajudam e daqueles que procuram ajuda e mesmo com a bagagem que carregam levam uma vida guiada por uma sorte que tarda em chegar.<\/p><\/blockquote><\/figure>\n\n\n\n<p class=\"has-small-font-size\">Autoria: Maria B\u00f4to e Raquel Marv\u00e3o<\/p>\n\n\n\n<p class=\"has-small-font-size\">Ilustra\u00e7\u00e3o: Laura Pires<\/p>\n","protected":false},"excerpt":{"rendered":"<p>Frank Zhang, Belal Mohammed e Mustafa Abdulsattar est\u00e3o em Portugal. Embarcaram rumo ao desconhecido com a esperan\u00e7a de encontrar uma Europa que lhes desse a<\/p>\n","protected":false},"author":2,"featured_media":0,"parent":0,"menu_order":0,"comment_status":"closed","ping_status":"closed","template":"","meta":{"footnotes":""},"class_list":["post-409","page","type-page","status-publish","hentry"],"_links":{"self":[{"href":"https:\/\/jconline.ipportalegre.pt\/sos\/index.php\/wp-json\/wp\/v2\/pages\/409","targetHints":{"allow":["GET"]}}],"collection":[{"href":"https:\/\/jconline.ipportalegre.pt\/sos\/index.php\/wp-json\/wp\/v2\/pages"}],"about":[{"href":"https:\/\/jconline.ipportalegre.pt\/sos\/index.php\/wp-json\/wp\/v2\/types\/page"}],"author":[{"embeddable":true,"href":"https:\/\/jconline.ipportalegre.pt\/sos\/index.php\/wp-json\/wp\/v2\/users\/2"}],"replies":[{"embeddable":true,"href":"https:\/\/jconline.ipportalegre.pt\/sos\/index.php\/wp-json\/wp\/v2\/comments?post=409"}],"version-history":[{"count":7,"href":"https:\/\/jconline.ipportalegre.pt\/sos\/index.php\/wp-json\/wp\/v2\/pages\/409\/revisions"}],"predecessor-version":[{"id":1708,"href":"https:\/\/jconline.ipportalegre.pt\/sos\/index.php\/wp-json\/wp\/v2\/pages\/409\/revisions\/1708"}],"wp:attachment":[{"href":"https:\/\/jconline.ipportalegre.pt\/sos\/index.php\/wp-json\/wp\/v2\/media?parent=409"}],"curies":[{"name":"wp","href":"https:\/\/api.w.org\/{rel}","templated":true}]}}