{"id":49,"date":"2020-05-08T15:15:30","date_gmt":"2020-05-08T15:15:30","guid":{"rendered":"http:\/\/projetos.esep.pt\/sos\/?page_id=49"},"modified":"2020-07-28T16:43:30","modified_gmt":"2020-07-28T16:43:30","slug":"os-nossos-ilustradores","status":"publish","type":"page","link":"https:\/\/jconline.ipportalegre.pt\/sos\/index.php\/os-nossos-ilustradores\/","title":{"rendered":"Cr\u00e9ditos"},"content":{"rendered":"\n<p class=\"has-text-align-left has-normal-font-size\"><\/p>\n\n\n\n<h2 class=\"wp-block-heading\">Autoras<\/h2>\n\n\n\n<p class=\"has-text-align-left has-normal-font-size\"><\/p>\n\n\n\n<div class=\"wp-block-columns is-layout-flex wp-container-core-columns-is-layout-9d6595d7 wp-block-columns-is-layout-flex\">\n<div class=\"wp-block-column is-layout-flow wp-block-column-is-layout-flow\">\n<figure class=\"wp-block-image size-large\"><img loading=\"lazy\" decoding=\"async\" width=\"1024\" height=\"684\" src=\"http:\/\/projetos.esep.pt\/sos\/wp-content\/uploads\/2020\/05\/B\u00f4to-1-1024x684.jpeg\" alt=\"\" class=\"wp-image-17\" srcset=\"https:\/\/jconline.ipportalegre.pt\/sos\/wp-content\/uploads\/2020\/05\/B\u00f4to-1-1024x684.jpeg 1024w, https:\/\/jconline.ipportalegre.pt\/sos\/wp-content\/uploads\/2020\/05\/B\u00f4to-1-300x200.jpeg 300w, https:\/\/jconline.ipportalegre.pt\/sos\/wp-content\/uploads\/2020\/05\/B\u00f4to-1-768x513.jpeg 768w, https:\/\/jconline.ipportalegre.pt\/sos\/wp-content\/uploads\/2020\/05\/B\u00f4to-1.jpeg 1214w\" sizes=\"auto, (max-width: 1024px) 100vw, 1024px\" \/><figcaption>Maria B\u00f4to<\/figcaption><\/figure>\n\n\n\n<p class=\"has-text-align-center\">Licenciatura: Jornalismo e Comunica\u00e7\u00e3o<\/p>\n\n\n\n<p style=\"font-size:10px\" class=\"has-text-align-center\">Escola de Educa\u00e7\u00e3o e Ci\u00eancias Sociais &#8211; IPPortalegre<\/p>\n\n\n\n<p style=\"font-size:14px\" class=\"has-text-align-center\">O jornalismo \u00e9 mais que informa\u00e7\u00e3o, \u00e9 trazer para o espa\u00e7o p\u00fablico o debate entre diferentes pontos de vista construindo as nossas opini\u00f5es.<\/p>\n\n\n\n<hr class=\"wp-block-separator has-text-color has-background has-vivid-cyan-blue-background-color has-vivid-cyan-blue-color is-style-dots\"\/>\n\n\n\n<blockquote class=\"wp-block-quote has-text-align-center is-layout-flow wp-block-quote-is-layout-flow\"><p><strong><em>A liberdade \u00e9 o vento que passa e que n\u00e3o volta mais, \u00e9 poder respirar em paz longe da guerra, \u00e9 poder falar sem medos. Liberdade \u00e9 sermos n\u00f3s, por inteiro.<\/em><\/strong><\/p><\/blockquote>\n<\/div>\n\n\n\n<div class=\"wp-block-column is-layout-flow wp-block-column-is-layout-flow\">\n<figure class=\"wp-block-image size-large\"><img loading=\"lazy\" decoding=\"async\" width=\"1024\" height=\"684\" src=\"http:\/\/projetos.esep.pt\/sos\/wp-content\/uploads\/2020\/05\/Raquel-1024x684.png\" alt=\"\" class=\"wp-image-18\" srcset=\"https:\/\/jconline.ipportalegre.pt\/sos\/wp-content\/uploads\/2020\/05\/Raquel-1024x684.png 1024w, https:\/\/jconline.ipportalegre.pt\/sos\/wp-content\/uploads\/2020\/05\/Raquel-300x200.png 300w, https:\/\/jconline.ipportalegre.pt\/sos\/wp-content\/uploads\/2020\/05\/Raquel-768x513.png 768w, https:\/\/jconline.ipportalegre.pt\/sos\/wp-content\/uploads\/2020\/05\/Raquel-1536x1025.png 1536w, https:\/\/jconline.ipportalegre.pt\/sos\/wp-content\/uploads\/2020\/05\/Raquel-2048x1367.png 2048w\" sizes=\"auto, (max-width: 1024px) 100vw, 1024px\" \/><figcaption>Raquel Marv\u00e3o<\/figcaption><\/figure>\n\n\n\n<p class=\"has-text-align-center\">Licenciatura: Jornalismo e Comunica\u00e7\u00e3o<\/p>\n\n\n\n<p style=\"font-size:10px\" class=\"has-text-align-center\">Escola de Educa\u00e7\u00e3o e Ci\u00eancias Sociais &#8211; IPPortalegre<\/p>\n\n\n\n<p style=\"font-size:14px\" class=\"has-text-align-center\">Mais do que um meio para apurar a veracidade dos factos, o jornalismo \u00e9 uma forma de espelhar v\u00e1rios pontos de vista da sociedade em que estamos inseridos, construindo-se, assim, diferentes opini\u00f5es e formas de pensar<\/p>\n\n\n\n<hr class=\"wp-block-separator is-style-dots\"\/>\n\n\n\n<blockquote class=\"wp-block-quote has-text-align-center is-layout-flow wp-block-quote-is-layout-flow\"><p><strong><em>A liberdade \u00e9 o tesouro mais precioso que temos. Sermos livres, \u00e9 podemos exprimir as nossas opini\u00f5es e pontos de vista sem amarras. <\/em><\/strong><\/p><\/blockquote>\n<\/div>\n<\/div>\n\n\n\n<p class=\"has-text-align-left\"><\/p>\n\n\n\n<h2 class=\"wp-block-heading\">Ilustradoras<\/h2>\n\n\n\n<div class=\"wp-block-group\"><div class=\"wp-block-group__inner-container is-layout-flow wp-block-group-is-layout-flow\">\n<div class=\"wp-block-columns is-layout-flex wp-container-core-columns-is-layout-9d6595d7 wp-block-columns-is-layout-flex\">\n<div class=\"wp-block-column is-layout-flow wp-block-column-is-layout-flow\">\n<div class=\"wp-block-image\"><figure class=\"aligncenter size-thumbnail is-resized\"><img loading=\"lazy\" decoding=\"async\" src=\"http:\/\/projetos.esep.pt\/sos\/wp-content\/uploads\/2020\/05\/T\u00e9-150x150.jpg\" alt=\"\" class=\"wp-image-51\" width=\"176\" height=\"176\"\/><figcaption>Teresa R\u00f3is<\/figcaption><\/figure><\/div>\n\n\n\n<p class=\"has-text-align-center\">Licenciada: Design de Comunica\u00e7\u00e3o<\/p>\n\n\n\n<p style=\"font-size:10px\" class=\"has-text-align-center\">Escola Superior de Tecnologia e Gest\u00e3o &#8211; IPPortalegre<\/p>\n\n\n\n<p style=\"font-size:14px\" class=\"has-text-align-center\">&#8220;Uso a ilustra\u00e7\u00e3o como ve\u00edculo de comunica\u00e7\u00e3o, atrav\u00e9s de conceitos impl\u00edcitos, camuflados entre valores crom\u00e1ticos, formas e dimens\u00f5es.&#8221;<\/p>\n\n\n\n<hr class=\"wp-block-separator has-text-color has-background has-vivid-cyan-blue-background-color has-vivid-cyan-blue-color is-style-dots\"\/>\n\n\n\n<blockquote class=\"wp-block-quote has-text-align-center is-style-default is-layout-flow wp-block-quote-is-layout-flow\"><p><strong><em>&#8220;Acredito que \u00e9 livre quem respeita a liberdade dos outros. Acredito que \u00e9 livre quem pode. Quem pode pensar, falar e fazer.&#8221;<\/em><\/strong><\/p><\/blockquote>\n<\/div>\n\n\n\n<div class=\"wp-block-column is-layout-flow wp-block-column-is-layout-flow\">\n<div class=\"wp-block-image\"><figure class=\"aligncenter size-thumbnail is-resized\"><img loading=\"lazy\" decoding=\"async\" src=\"http:\/\/projetos.esep.pt\/sos\/wp-content\/uploads\/2020\/05\/Laura-150x150.jpg\" alt=\"\" class=\"wp-image-50\" width=\"176\" height=\"176\" srcset=\"https:\/\/jconline.ipportalegre.pt\/sos\/wp-content\/uploads\/2020\/05\/Laura-150x150.jpg 150w, https:\/\/jconline.ipportalegre.pt\/sos\/wp-content\/uploads\/2020\/05\/Laura-300x300.jpg 300w, https:\/\/jconline.ipportalegre.pt\/sos\/wp-content\/uploads\/2020\/05\/Laura-768x768.jpg 768w, https:\/\/jconline.ipportalegre.pt\/sos\/wp-content\/uploads\/2020\/05\/Laura.jpg 960w\" sizes=\"auto, (max-width: 176px) 100vw, 176px\" \/><figcaption>Laura Pires<\/figcaption><\/figure><\/div>\n\n\n\n<p class=\"has-text-align-center\">Licenciatura: Imagem Animada<\/p>\n\n\n\n<p style=\"font-size:10px\" class=\"has-text-align-center\">Universidade do Algarve<\/p>\n\n\n\n<p style=\"font-size:14px\" class=\"has-text-align-center\">&#8220;Utilizo a arte como forma de estimular o meu intelectual e reservar a inconsci\u00eancia que preservo; \u00e9 um prazer e dever essencial.&#8221;<\/p>\n\n\n\n<hr class=\"wp-block-separator has-text-color has-background has-vivid-cyan-blue-background-color has-vivid-cyan-blue-color is-style-dots\"\/>\n\n\n\n<blockquote class=\"wp-block-quote has-text-align-center is-style-default is-layout-flow wp-block-quote-is-layout-flow\"><p><em><strong>\u201cTo find yourself, think for yourself.\u201d &#8211; S\u00f3crates<\/strong><\/em><\/p><\/blockquote>\n<\/div>\n<\/div>\n<\/div><\/div>\n\n\n\n<div class=\"wp-block-columns are-vertically-aligned-center is-layout-flex wp-container-core-columns-is-layout-9d6595d7 wp-block-columns-is-layout-flex\">\n<div class=\"wp-block-column is-vertically-aligned-center is-layout-flow wp-block-column-is-layout-flow\">\n<p><\/p>\n<\/div>\n\n\n\n<div class=\"wp-block-column is-vertically-aligned-center is-layout-flow wp-block-column-is-layout-flow\">\n<div class=\"wp-block-image\"><figure class=\"aligncenter size-large is-resized\"><img loading=\"lazy\" decoding=\"async\" src=\"http:\/\/projetos.esep.pt\/sos\/wp-content\/uploads\/2020\/05\/Rosa.jpg\" alt=\"\" class=\"wp-image-223\" width=\"165\" height=\"198\" srcset=\"https:\/\/jconline.ipportalegre.pt\/sos\/wp-content\/uploads\/2020\/05\/Rosa.jpg 548w, https:\/\/jconline.ipportalegre.pt\/sos\/wp-content\/uploads\/2020\/05\/Rosa-249x300.jpg 249w\" sizes=\"auto, (max-width: 165px) 100vw, 165px\" \/><figcaption>Bruna Santos<\/figcaption><\/figure><\/div>\n\n\n\n<p class=\"has-text-align-center\">Licenciatura: Design Anima\u00e7\u00e3o e Multim\u00e9dia<\/p>\n\n\n\n<p style=\"font-size:10px\">Escola Superior de Tecnologia e Gest\u00e3o &#8211; IPPortalegre<\/p>\n\n\n\n<p style=\"font-size:14px\" class=\"has-text-align-center\">&#8220;A arte \u00e9 um mundo onde eu posso mostrar realmente quem eu sou atrav\u00e9s de ilustra\u00e7\u00f5es, anima\u00e7\u00e3o e muito mais. \u00c9 quando sou realmente feliz a criar algo que possa inspirar algu\u00e9m.&#8221;<\/p>\n\n\n\n<hr class=\"wp-block-separator has-text-color has-background has-vivid-cyan-blue-background-color has-vivid-cyan-blue-color is-style-dots\"\/>\n\n\n\n<blockquote class=\"wp-block-quote has-text-align-center is-style-default is-layout-flow wp-block-quote-is-layout-flow\"><p><strong><em>&#8220;Liberdade para mim \u00e9 poder me exprimir livremente atrav\u00e9s das minhas cria\u00e7\u00f5es sem ter receio de algu\u00e9m, \u00e9 poder ser independente e aut\u00f3noma<\/em><\/strong>.&#8221;<\/p><\/blockquote>\n<\/div>\n<\/div>\n\n\n\n<div class=\"wp-block-columns is-layout-flex wp-container-core-columns-is-layout-9d6595d7 wp-block-columns-is-layout-flex\">\n<div class=\"wp-block-column is-layout-flow wp-block-column-is-layout-flow\"><\/div>\n\n\n\n<div class=\"wp-block-column is-layout-flow wp-block-column-is-layout-flow\"><\/div>\n<\/div>\n","protected":false},"excerpt":{"rendered":"<p>Autoras Licenciatura: Jornalismo e Comunica\u00e7\u00e3o Escola de Educa\u00e7\u00e3o e Ci\u00eancias Sociais &#8211; IPPortalegre O jornalismo \u00e9 mais que informa\u00e7\u00e3o, \u00e9 trazer para o espa\u00e7o p\u00fablico<\/p>\n","protected":false},"author":2,"featured_media":0,"parent":0,"menu_order":0,"comment_status":"closed","ping_status":"closed","template":"","meta":{"footnotes":""},"class_list":["post-49","page","type-page","status-publish","hentry"],"_links":{"self":[{"href":"https:\/\/jconline.ipportalegre.pt\/sos\/index.php\/wp-json\/wp\/v2\/pages\/49","targetHints":{"allow":["GET"]}}],"collection":[{"href":"https:\/\/jconline.ipportalegre.pt\/sos\/index.php\/wp-json\/wp\/v2\/pages"}],"about":[{"href":"https:\/\/jconline.ipportalegre.pt\/sos\/index.php\/wp-json\/wp\/v2\/types\/page"}],"author":[{"embeddable":true,"href":"https:\/\/jconline.ipportalegre.pt\/sos\/index.php\/wp-json\/wp\/v2\/users\/2"}],"replies":[{"embeddable":true,"href":"https:\/\/jconline.ipportalegre.pt\/sos\/index.php\/wp-json\/wp\/v2\/comments?post=49"}],"version-history":[{"count":21,"href":"https:\/\/jconline.ipportalegre.pt\/sos\/index.php\/wp-json\/wp\/v2\/pages\/49\/revisions"}],"predecessor-version":[{"id":1707,"href":"https:\/\/jconline.ipportalegre.pt\/sos\/index.php\/wp-json\/wp\/v2\/pages\/49\/revisions\/1707"}],"wp:attachment":[{"href":"https:\/\/jconline.ipportalegre.pt\/sos\/index.php\/wp-json\/wp\/v2\/media?parent=49"}],"curies":[{"name":"wp","href":"https:\/\/api.w.org\/{rel}","templated":true}]}}